{"id":1514,"date":"2022-11-23T14:12:04","date_gmt":"2022-11-23T12:12:04","guid":{"rendered":"https:\/\/koltsumois.ee\/uks-kaunilt-kena-elupaik\/"},"modified":"2022-11-23T16:27:50","modified_gmt":"2022-11-23T14:27:50","slug":"a-beautifully-enchanting-place","status":"publish","type":"page","link":"https:\/\/koltsumois.ee\/en\/a-beautifully-enchanting-place\/","title":{"rendered":"A beautifully enchanting place"},"content":{"rendered":"<p>\u201eK\u00f5ltsu (German: Wellenhof) was described in 1913 as: \u201cA beautifully enchanting and wonderfully landscaped place.\u201d A place worth coming to, where you could spend hours, days, weeks. Not large by any means, K\u00f5ltsu was not really a proper or a knights\u2019 manor,<br \/>\nbut came into being only in 1806, when the \u201chalf-manor\u201d (German: Landstelle) was separated from the P\u00f5llk\u00fcla estate. The prerequisites for the development of K\u00f5ltsu were the exceptional beauty of the place, the clean sea air and the murmur of the waves, which in the smallest manor in Keila parish have allowed for a wonderful combination to be born.<\/p>\n<p>Between 1883 and 1885, during the time of Baron Otto von Uexk\u00fcll\u2019s widow Benedicte von Uexk\u00fcll, a building was erected near the beach, the like of which is hard to find among other Estonian manors. It was as if the Baltic spirit had spread its wings,<br \/>\ntaking ideas from here and creative impulses from there, offering it all up in its own way, in the manner described by Elisabeth Eastlake, an English lady who visited Estonia in 1843: \u201cOne thing is certain. This is not Estonia or Russia, because there is no<br \/>\ndisorganisation. Neither is this France, although you can sometimes hear a French echo. If anything, this place resembles England most of all. We are in a garden where it is quite difficult to find a spot where embarras de richesses pittoresque briefly lets one forget where we are exactly. Are we in Switzerland or Russia? At Mon Repos near Vyborg or in Narva-J\u00f5esuu. K\u00f5ltsu\u2019s main building is like a cut-out from a stylebook of the era. Villa maritima in Latin: a seaside estate, as they were known already at the time of Pliny the Younger in Ancient Rome. A place where you could forget your troubles and live as if the rest of the world did not exist: no Tallinn, no Paldiski, no harbours, no railways, no capitalism or its gravediggers.\u201d<\/p>\n<p>When we look for the inspiration behind K\u00f5ltsu Manor, we find it in the resort architecture that began to emerge on the shores of the Baltic Sea at the beginning of the 19th century, and whose French name cour ort refers to Sunday instead of everyday life, and to the opportunity to catch one\u2019s breath \u2013 a holiday that the industrious German mind had hardly dared to dream of before. On the sandy dunes of K\u00f5ltsu we find a counterpart to the white houses that began to emerge at the beginning of the 19th century: in Puttgarden, Heiligendamm, on the island of R\u00fcgen, familiar to us from the paintings of Caspar David Friedrich.<\/p>\n<p>K\u00f5ltsu draws its nourishment from the wildly beautiful nature of the place, and its artistic creed and architectural vocabulary, on the other hand, is a blend of everything you can think of and imagine: Marie Antoinette\u2019s tiny \u201cHameau\u201d within the expanse of the park of the Ch\u00e2teau de Versailles, of destruction and rebirth, of fear and Prince Shakhovskoy, and of Chekhov\u2019s \u201cCherry Orchard\u201d. K\u00f5ltsu brings together surprising and adrenaline-inducing forms: Russian wooden lace and French windows, pitched roofs and stained-glass windows on the veranda. And, to top it all, a tower with a spire that has inspired people time and time again, whenever there have been great expectations. K\u00f5ltsu is just as big as the world around it is small; designed in the same way as the architects of the modern era built resort towns and houses in Narva, Kadriorg in Tallinn, Haapsalu, P\u00e4rnu. Such was Amandus Adamson\u2019s house in Paldiski. Everything had to be done in the here and now, to place the entire past on a single bet, because you can never be completely certain about the future.<\/p>\n<p><strong>Estonian art historian Juhan Maiste<br \/>\n2011<\/strong><\/p>\n","protected":false},"excerpt":{"rendered":"<p>\u201eK\u00f5ltsu (German: Wellenhof) was described in 1913 as: \u201cA beautifully enchanting and wonderfully landscaped place.\u201d A place worth coming to, where you could spend hours, days, weeks. Not large by any means, K\u00f5ltsu was not really a proper or a knights\u2019 manor, but came into being only in 1806, when the \u201chalf-manor\u201d (German: Landstelle) was [&hellip;]<\/p>\n","protected":false},"author":4,"featured_media":0,"parent":0,"menu_order":0,"comment_status":"closed","ping_status":"closed","template":"tpl-history-details.php","meta":{"_acf_changed":false,"footnotes":""},"class_list":["post-1514","page","type-page","status-publish","hentry"],"acf":[],"yoast_head":"<!-- This site is optimized with the Yoast SEO plugin v27.1.1 - https:\/\/yoast.com\/product\/yoast-seo-wordpress\/ -->\n<title>A beautifully enchanting place - K\u00f5ltsu Manor<\/title>\n<meta name=\"robots\" content=\"index, follow, max-snippet:-1, max-image-preview:large, max-video-preview:-1\" \/>\n<link rel=\"canonical\" href=\"https:\/\/www.koltsumois.ee\/en\/a-beautifully-enchanting-place\/\" \/>\n<meta property=\"og:locale\" content=\"en_US\" \/>\n<meta property=\"og:type\" content=\"article\" \/>\n<meta property=\"og:title\" content=\"A beautifully enchanting place - K\u00f5ltsu Manor\" \/>\n<meta property=\"og:description\" content=\"\u201eK\u00f5ltsu (German: Wellenhof) was described in 1913 as: \u201cA beautifully enchanting and wonderfully landscaped place.\u201d A place worth coming to, where you could spend hours, days, weeks. Not large by any means, K\u00f5ltsu was not really a proper or a knights\u2019 manor, but came into being only in 1806, when the \u201chalf-manor\u201d (German: Landstelle) was [&hellip;]\" \/>\n<meta property=\"og:url\" content=\"https:\/\/www.koltsumois.ee\/en\/a-beautifully-enchanting-place\/\" \/>\n<meta property=\"og:site_name\" content=\"K\u00f5ltsu Manor\" \/>\n<meta property=\"article:modified_time\" content=\"2022-11-23T14:27:50+00:00\" \/>\n<meta property=\"og:image\" content=\"http:\/\/koltsumois.ee\/wp-content\/uploads\/2016\/06\/Koltsu-FB-ikoon.jpg\" \/>\n<meta name=\"twitter:card\" content=\"summary_large_image\" \/>\n<meta name=\"twitter:label1\" content=\"Est. reading time\" \/>\n\t<meta name=\"twitter:data1\" content=\"3 minutes\" \/>\n<script type=\"application\/ld+json\" class=\"yoast-schema-graph\">{\"@context\":\"https:\/\/schema.org\",\"@graph\":[{\"@type\":\"WebPage\",\"@id\":\"https:\/\/www.koltsumois.ee\/en\/a-beautifully-enchanting-place\/\",\"url\":\"https:\/\/www.koltsumois.ee\/en\/a-beautifully-enchanting-place\/\",\"name\":\"A beautifully enchanting place - K\u00f5ltsu Manor\",\"isPartOf\":{\"@id\":\"https:\/\/koltsumois.ee\/#website\"},\"datePublished\":\"2022-11-23T12:12:04+00:00\",\"dateModified\":\"2022-11-23T14:27:50+00:00\",\"breadcrumb\":{\"@id\":\"https:\/\/www.koltsumois.ee\/en\/a-beautifully-enchanting-place\/#breadcrumb\"},\"inLanguage\":\"en-US\",\"potentialAction\":[{\"@type\":\"ReadAction\",\"target\":[\"https:\/\/www.koltsumois.ee\/en\/a-beautifully-enchanting-place\/\"]}]},{\"@type\":\"BreadcrumbList\",\"@id\":\"https:\/\/www.koltsumois.ee\/en\/a-beautifully-enchanting-place\/#breadcrumb\",\"itemListElement\":[{\"@type\":\"ListItem\",\"position\":1,\"name\":\"Home\",\"item\":\"https:\/\/www.koltsumois.ee\/en\/\"},{\"@type\":\"ListItem\",\"position\":2,\"name\":\"A beautifully enchanting place\"}]},{\"@type\":\"WebSite\",\"@id\":\"https:\/\/koltsumois.ee\/#website\",\"url\":\"https:\/\/koltsumois.ee\/\",\"name\":\"K\u00f5ltsu Manor\",\"description\":\"\",\"potentialAction\":[{\"@type\":\"SearchAction\",\"target\":{\"@type\":\"EntryPoint\",\"urlTemplate\":\"https:\/\/koltsumois.ee\/?s={search_term_string}\"},\"query-input\":{\"@type\":\"PropertyValueSpecification\",\"valueRequired\":true,\"valueName\":\"search_term_string\"}}],\"inLanguage\":\"en-US\"}]}<\/script>\n<!-- \/ Yoast SEO plugin. -->","yoast_head_json":{"title":"A beautifully enchanting place - K\u00f5ltsu Manor","robots":{"index":"index","follow":"follow","max-snippet":"max-snippet:-1","max-image-preview":"max-image-preview:large","max-video-preview":"max-video-preview:-1"},"canonical":"https:\/\/www.koltsumois.ee\/en\/a-beautifully-enchanting-place\/","og_locale":"en_US","og_type":"article","og_title":"A beautifully enchanting place - K\u00f5ltsu Manor","og_description":"\u201eK\u00f5ltsu (German: Wellenhof) was described in 1913 as: \u201cA beautifully enchanting and wonderfully landscaped place.\u201d A place worth coming to, where you could spend hours, days, weeks. Not large by any means, K\u00f5ltsu was not really a proper or a knights\u2019 manor, but came into being only in 1806, when the \u201chalf-manor\u201d (German: Landstelle) was [&hellip;]","og_url":"https:\/\/www.koltsumois.ee\/en\/a-beautifully-enchanting-place\/","og_site_name":"K\u00f5ltsu Manor","article_modified_time":"2022-11-23T14:27:50+00:00","og_image":[{"url":"http:\/\/koltsumois.ee\/wp-content\/uploads\/2016\/06\/Koltsu-FB-ikoon.jpg","type":"","width":"","height":""}],"twitter_card":"summary_large_image","twitter_misc":{"Est. reading time":"3 minutes"},"schema":{"@context":"https:\/\/schema.org","@graph":[{"@type":"WebPage","@id":"https:\/\/www.koltsumois.ee\/en\/a-beautifully-enchanting-place\/","url":"https:\/\/www.koltsumois.ee\/en\/a-beautifully-enchanting-place\/","name":"A beautifully enchanting place - K\u00f5ltsu Manor","isPartOf":{"@id":"https:\/\/koltsumois.ee\/#website"},"datePublished":"2022-11-23T12:12:04+00:00","dateModified":"2022-11-23T14:27:50+00:00","breadcrumb":{"@id":"https:\/\/www.koltsumois.ee\/en\/a-beautifully-enchanting-place\/#breadcrumb"},"inLanguage":"en-US","potentialAction":[{"@type":"ReadAction","target":["https:\/\/www.koltsumois.ee\/en\/a-beautifully-enchanting-place\/"]}]},{"@type":"BreadcrumbList","@id":"https:\/\/www.koltsumois.ee\/en\/a-beautifully-enchanting-place\/#breadcrumb","itemListElement":[{"@type":"ListItem","position":1,"name":"Home","item":"https:\/\/www.koltsumois.ee\/en\/"},{"@type":"ListItem","position":2,"name":"A beautifully enchanting place"}]},{"@type":"WebSite","@id":"https:\/\/koltsumois.ee\/#website","url":"https:\/\/koltsumois.ee\/","name":"K\u00f5ltsu Manor","description":"","potentialAction":[{"@type":"SearchAction","target":{"@type":"EntryPoint","urlTemplate":"https:\/\/koltsumois.ee\/?s={search_term_string}"},"query-input":{"@type":"PropertyValueSpecification","valueRequired":true,"valueName":"search_term_string"}}],"inLanguage":"en-US"}]}},"_links":{"self":[{"href":"https:\/\/koltsumois.ee\/en\/wp-json\/wp\/v2\/pages\/1514","targetHints":{"allow":["GET"]}}],"collection":[{"href":"https:\/\/koltsumois.ee\/en\/wp-json\/wp\/v2\/pages"}],"about":[{"href":"https:\/\/koltsumois.ee\/en\/wp-json\/wp\/v2\/types\/page"}],"author":[{"embeddable":true,"href":"https:\/\/koltsumois.ee\/en\/wp-json\/wp\/v2\/users\/4"}],"replies":[{"embeddable":true,"href":"https:\/\/koltsumois.ee\/en\/wp-json\/wp\/v2\/comments?post=1514"}],"version-history":[{"count":1,"href":"https:\/\/koltsumois.ee\/en\/wp-json\/wp\/v2\/pages\/1514\/revisions"}],"predecessor-version":[{"id":1515,"href":"https:\/\/koltsumois.ee\/en\/wp-json\/wp\/v2\/pages\/1514\/revisions\/1515"}],"wp:attachment":[{"href":"https:\/\/koltsumois.ee\/en\/wp-json\/wp\/v2\/media?parent=1514"}],"curies":[{"name":"wp","href":"https:\/\/api.w.org\/{rel}","templated":true}]}}